{"id":4754,"date":"2024-11-09T11:53:02","date_gmt":"2024-11-09T11:53:02","guid":{"rendered":"https:\/\/wivivision.com\/new\/?page_id=4754"},"modified":"2024-12-13T04:16:02","modified_gmt":"2024-12-13T04:16:02","slug":"kit-digital-1","status":"publish","type":"page","link":"https:\/\/wivivision.com\/es\/kit-digital-1\/","title":{"rendered":"Kit Digital"},"content":{"rendered":"<h1 class=\"wp-block-heading\"><\/h1>\n\n\n\n<figure class=\"wp-block-image size-large\"><img fetchpriority=\"high\" decoding=\"async\" width=\"1024\" height=\"576\" src=\"https:\/\/wivivision.com\/new\/wp-content\/uploads\/2024\/11\/Image_Mesa-de-trabajo-1-2048x1151-1-1024x576.png\" alt=\"\" class=\"wp-image-4757\" srcset=\"https:\/\/wivivision.com\/wp-content\/uploads\/2024\/11\/Image_Mesa-de-trabajo-1-2048x1151-1-1024x576.png 1024w, https:\/\/wivivision.com\/wp-content\/uploads\/2024\/11\/Image_Mesa-de-trabajo-1-2048x1151-1-300x169.png 300w, https:\/\/wivivision.com\/wp-content\/uploads\/2024\/11\/Image_Mesa-de-trabajo-1-2048x1151-1-768x432.png 768w, https:\/\/wivivision.com\/wp-content\/uploads\/2024\/11\/Image_Mesa-de-trabajo-1-2048x1151-1-1536x863.png 1536w, https:\/\/wivivision.com\/wp-content\/uploads\/2024\/11\/Image_Mesa-de-trabajo-1-2048x1151-1-18x10.png 18w, https:\/\/wivivision.com\/wp-content\/uploads\/2024\/11\/Image_Mesa-de-trabajo-1-2048x1151-1.png 2048w\" sizes=\"(max-width: 1024px) 100vw, 1024px\" \/><\/figure>\n\n\n\n<p><\/p>\n\n\n\n<h1 class=\"wp-block-heading\">Programa Kit Digital<\/h1>\n\n\n\n<p><strong>\u00a1Nos hemos acreditado como Agentes Digitalizadores!<\/strong>&nbsp;<\/p>\n\n\n\n<p>De esta manera, los profesionales de la visi\u00f3n que incorporen a WIVI Vision entre sus servicios de salud visual podr\u00e1n ayudarse de las subvenciones que ofrece el&nbsp;<strong>Programa Kit Digital.<\/strong><\/p>\n\n\n\n<p>Este programa es una iniciativa estatal que ofrece un bono digital para&nbsp;<strong>subvencionar la implantaci\u00f3n de soluciones digitales en PYMES de cualquier sector y tipolog\u00eda durante el periodo 2022-2023<\/strong>. Est\u00e1 financiado por los fondos&nbsp;<em>Pr\u00f3xima generaci\u00f3n<\/em>&nbsp;de la Uni\u00f3n Europea.<\/p>\n\n\n\n<figure class=\"wp-block-image\"><img decoding=\"async\" src=\"https:\/\/wivivision.com\/wp-content\/uploads\/2022\/05\/Captura-de-pantalla-2022-05-04-a-las-13.01.03-1.png\" alt=\"\" class=\"wp-image-3333\"\/><\/figure>\n\n\n\n<figure class=\"wp-block-image\"><img decoding=\"async\" src=\"https:\/\/wivivision.com\/wp-content\/uploads\/2022\/05\/Recurso-1@4x-copia-1200x81.png\" alt=\"\" class=\"wp-image-3327\"\/><\/figure>\n\n\n\n<h2 class=\"wp-block-heading\">Nuestra soluci\u00f3n<\/h2>\n\n\n\n<p>La soluci\u00f3n que ofrece WIVI Vision est\u00e1 orientada a ayudar al especialista a&nbsp;<strong>digitalizar los<\/strong>&nbsp;<strong>procesos de evaluaci\u00f3n y entrenamiento de disfunciones visuales.<\/strong><\/p>\n\n\n\n<h4 class=\"wp-block-heading\">Digitalizaci\u00f3n de servicios de ayuda al especialista en la evaluaci\u00f3n y el entrenamiento de disfunciones visuales<\/h4>\n\n\n\n<p><strong>WIVI Vision es una herramienta al servicio de los especialistas<\/strong>&nbsp;que se apoya en Inteligencia Artificial y Tecnolog\u00eda 3D para&nbsp;<strong>medir de forma objetiva<\/strong>&nbsp;m\u00e1s de 50 par\u00e1metros de 5 \u00e1reas visuales en tiempo real y&nbsp;<strong>detectar si el paciente presenta disfunciones visuales<\/strong>. Adem\u00e1s, aplica un&nbsp;<strong>entrenamiento visual personalizado<\/strong>&nbsp;a cada paciente y disfunci\u00f3n visual para corregir sus habilidades visuales.<\/p>\n\n\n\n<figure class=\"wp-block-image\"><img decoding=\"async\" src=\"https:\/\/wivivision.com\/wp-content\/uploads\/2022\/06\/Sin-ti%CC%81tulo-2_Mesa-de-trabajo-1-1.png\" alt=\"\" class=\"wp-image-3514\"\/><\/figure>\n\n\n\n<h2 class=\"wp-block-heading\">\u00bfA qui\u00e9n va dirigido?<\/h2>\n\n\n\n<p>Las ayudas del programa Kit Digital para la implantaci\u00f3n de soluciones digitales est\u00e1n destinadas a PYMES y aut\u00f3nomos de cualquier sector, ofreciendo importes m\u00e1ximos de financiaci\u00f3n seg\u00fan n\u00famero de trabajadores:<\/p>\n\n\n\n<ul class=\"wp-block-list\">\n<li><strong>Segmento 1\u00a0<\/strong>Empresas de 10 a 50 trabajadores (12.000\u20ac)<\/li>\n\n\n\n<li><strong>Segmento 2\u00a0<\/strong>Peque\u00f1as empresas de entre 3 y menos de 10 trabajadores (6.000\u20ac)<\/li>\n\n\n\n<li><strong>Segmento 3\u00a0<\/strong>Aut\u00f3nomos o peque\u00f1as empresas de entre 1 y menos de 3 trabajadores (2.000\u20ac)<\/li>\n<\/ul>\n\n\n\n<p><strong>En el caso de la soluci\u00f3n digital WIVI Vision, podr\u00e1n ayudarse de esta subvenci\u00f3n&nbsp;<\/strong>los optometristas que quieran incorporar a WIVI Vision entre sus servicios de terapia visual.<\/p>\n\n\n\n<h3 class=\"wp-block-heading\">Contacta con nosotros si quieres implantar a WIVI Vision con el apoyo del Programa Kit Digital, \u00a1te ayudaremos a tramitar el proceso!&nbsp;<\/h3>\n\n\n\n<p><a href=\"https:\/\/wivivision.com\/es\/index.php\/contacta-con-nosotros\/\">Cont\u00e1ctanos<\/a><\/p>","protected":false},"excerpt":{"rendered":"<p>Programa Kit Digital \u00a1Nos hemos acreditado como Agentes Digitalizadores!&nbsp; De esta manera, los profesionales de la visi\u00f3n que incorporen a WIVI Vision entre sus servicios de salud visual podr\u00e1n ayudarse de las subvenciones que ofrece el&nbsp;Programa Kit Digital. Este programa es&nbsp;una&nbsp;iniciativa estatal&nbsp;que ofrece un bono digital para&nbsp;subvencionar la implantaci\u00f3n de soluciones digitales en PYMES de [&hellip;]<\/p>\n","protected":false},"author":1,"featured_media":0,"parent":0,"menu_order":0,"comment_status":"closed","ping_status":"closed","template":"","meta":{"footnotes":""},"class_list":["post-4754","page","type-page","status-publish","hentry"],"yoast_head":"<!-- This site is optimized with the Yoast SEO plugin v27.5 - https:\/\/yoast.com\/product\/yoast-seo-wordpress\/ -->\n<title>Kit Digital - WIVI Vision<\/title>\n<meta name=\"robots\" content=\"index, follow, max-snippet:-1, max-image-preview:large, max-video-preview:-1\" \/>\n<link rel=\"canonical\" href=\"https:\/\/wivivision.com\/es\/kit-digital-1\/\" \/>\n<meta property=\"og:locale\" content=\"es_ES\" \/>\n<meta property=\"og:type\" content=\"article\" \/>\n<meta property=\"og:title\" content=\"Kit Digital - WIVI Vision\" \/>\n<meta property=\"og:description\" content=\"Programa Kit Digital \u00a1Nos hemos acreditado como Agentes Digitalizadores!&nbsp; De esta manera, los profesionales de la visi\u00f3n que incorporen a WIVI Vision entre sus servicios de salud visual podr\u00e1n ayudarse de las subvenciones que ofrece el&nbsp;Programa Kit Digital. Este programa es&nbsp;una&nbsp;iniciativa estatal&nbsp;que ofrece un bono digital para&nbsp;subvencionar la implantaci\u00f3n de soluciones digitales en PYMES de [&hellip;]\" \/>\n<meta property=\"og:url\" content=\"https:\/\/wivivision.com\/es\/kit-digital-1\/\" \/>\n<meta property=\"og:site_name\" content=\"WIVI Vision\" \/>\n<meta property=\"article:modified_time\" content=\"2024-12-13T04:16:02+00:00\" \/>\n<meta property=\"og:image\" content=\"https:\/\/wivivision.com\/new\/wp-content\/uploads\/2024\/11\/Image_Mesa-de-trabajo-1-2048x1151-1-1024x576.png\" \/>\n<meta name=\"twitter:card\" content=\"summary_large_image\" \/>\n<meta name=\"twitter:label1\" content=\"Tiempo de lectura\" \/>\n\t<meta name=\"twitter:data1\" content=\"3 minutos\" \/>\n<script type=\"application\/ld+json\" class=\"yoast-schema-graph\">{\"@context\":\"https:\\\/\\\/schema.org\",\"@graph\":[{\"@type\":\"WebPage\",\"@id\":\"https:\\\/\\\/wivivision.com\\\/kit-digital-1\\\/\",\"url\":\"https:\\\/\\\/wivivision.com\\\/kit-digital-1\\\/\",\"name\":\"Kit Digital - WIVI Vision\",\"isPartOf\":{\"@id\":\"https:\\\/\\\/wivivision.com\\\/#website\"},\"primaryImageOfPage\":{\"@id\":\"https:\\\/\\\/wivivision.com\\\/kit-digital-1\\\/#primaryimage\"},\"image\":{\"@id\":\"https:\\\/\\\/wivivision.com\\\/kit-digital-1\\\/#primaryimage\"},\"thumbnailUrl\":\"https:\\\/\\\/wivivision.com\\\/new\\\/wp-content\\\/uploads\\\/2024\\\/11\\\/Image_Mesa-de-trabajo-1-2048x1151-1-1024x576.png\",\"datePublished\":\"2024-11-09T11:53:02+00:00\",\"dateModified\":\"2024-12-13T04:16:02+00:00\",\"breadcrumb\":{\"@id\":\"https:\\\/\\\/wivivision.com\\\/kit-digital-1\\\/#breadcrumb\"},\"inLanguage\":\"es\",\"potentialAction\":[{\"@type\":\"ReadAction\",\"target\":[\"https:\\\/\\\/wivivision.com\\\/kit-digital-1\\\/\"]}]},{\"@type\":\"ImageObject\",\"inLanguage\":\"es\",\"@id\":\"https:\\\/\\\/wivivision.com\\\/kit-digital-1\\\/#primaryimage\",\"url\":\"https:\\\/\\\/wivivision.com\\\/new\\\/wp-content\\\/uploads\\\/2024\\\/11\\\/Image_Mesa-de-trabajo-1-2048x1151-1-1024x576.png\",\"contentUrl\":\"https:\\\/\\\/wivivision.com\\\/new\\\/wp-content\\\/uploads\\\/2024\\\/11\\\/Image_Mesa-de-trabajo-1-2048x1151-1-1024x576.png\"},{\"@type\":\"BreadcrumbList\",\"@id\":\"https:\\\/\\\/wivivision.com\\\/kit-digital-1\\\/#breadcrumb\",\"itemListElement\":[{\"@type\":\"ListItem\",\"position\":1,\"name\":\"Portada\",\"item\":\"https:\\\/\\\/wivivision.com\\\/\"},{\"@type\":\"ListItem\",\"position\":2,\"name\":\"Kit Digital\"}]},{\"@type\":\"WebSite\",\"@id\":\"https:\\\/\\\/wivivision.com\\\/#website\",\"url\":\"https:\\\/\\\/wivivision.com\\\/\",\"name\":\"WIVI Vision\",\"description\":\"E-HEALTH TECHNICAL SOLUTIONS\",\"publisher\":{\"@id\":\"https:\\\/\\\/wivivision.com\\\/#organization\"},\"potentialAction\":[{\"@type\":\"SearchAction\",\"target\":{\"@type\":\"EntryPoint\",\"urlTemplate\":\"https:\\\/\\\/wivivision.com\\\/?s={search_term_string}\"},\"query-input\":{\"@type\":\"PropertyValueSpecification\",\"valueRequired\":true,\"valueName\":\"search_term_string\"}}],\"inLanguage\":\"es\"},{\"@type\":\"Organization\",\"@id\":\"https:\\\/\\\/wivivision.com\\\/#organization\",\"name\":\"WIVI Vision\",\"url\":\"https:\\\/\\\/wivivision.com\\\/\",\"logo\":{\"@type\":\"ImageObject\",\"inLanguage\":\"es\",\"@id\":\"https:\\\/\\\/wivivision.com\\\/#\\\/schema\\\/logo\\\/image\\\/\",\"url\":\"https:\\\/\\\/wivivision.com\\\/wp-content\\\/uploads\\\/2024\\\/11\\\/Marca-WIVI\u252c-Hi-res.png\",\"contentUrl\":\"https:\\\/\\\/wivivision.com\\\/wp-content\\\/uploads\\\/2024\\\/11\\\/Marca-WIVI\u252c-Hi-res.png\",\"width\":1000,\"height\":439,\"caption\":\"WIVI Vision\"},\"image\":{\"@id\":\"https:\\\/\\\/wivivision.com\\\/#\\\/schema\\\/logo\\\/image\\\/\"}}]}<\/script>\n<!-- \/ Yoast SEO plugin. -->","yoast_head_json":{"title":"Kit Digital - WIVI Vision","robots":{"index":"index","follow":"follow","max-snippet":"max-snippet:-1","max-image-preview":"max-image-preview:large","max-video-preview":"max-video-preview:-1"},"canonical":"https:\/\/wivivision.com\/es\/kit-digital-1\/","og_locale":"es_ES","og_type":"article","og_title":"Kit Digital - WIVI Vision","og_description":"Programa Kit Digital \u00a1Nos hemos acreditado como Agentes Digitalizadores!&nbsp; De esta manera, los profesionales de la visi\u00f3n que incorporen a WIVI Vision entre sus servicios de salud visual podr\u00e1n ayudarse de las subvenciones que ofrece el&nbsp;Programa Kit Digital. Este programa es&nbsp;una&nbsp;iniciativa estatal&nbsp;que ofrece un bono digital para&nbsp;subvencionar la implantaci\u00f3n de soluciones digitales en PYMES de [&hellip;]","og_url":"https:\/\/wivivision.com\/es\/kit-digital-1\/","og_site_name":"WIVI Vision","article_modified_time":"2024-12-13T04:16:02+00:00","og_image":[{"url":"https:\/\/wivivision.com\/new\/wp-content\/uploads\/2024\/11\/Image_Mesa-de-trabajo-1-2048x1151-1-1024x576.png","type":"","width":"","height":""}],"twitter_card":"summary_large_image","twitter_misc":{"Tiempo de lectura":"3 minutos"},"schema":{"@context":"https:\/\/schema.org","@graph":[{"@type":"WebPage","@id":"https:\/\/wivivision.com\/kit-digital-1\/","url":"https:\/\/wivivision.com\/kit-digital-1\/","name":"Kit Digital - WIVI Vision","isPartOf":{"@id":"https:\/\/wivivision.com\/#website"},"primaryImageOfPage":{"@id":"https:\/\/wivivision.com\/kit-digital-1\/#primaryimage"},"image":{"@id":"https:\/\/wivivision.com\/kit-digital-1\/#primaryimage"},"thumbnailUrl":"https:\/\/wivivision.com\/new\/wp-content\/uploads\/2024\/11\/Image_Mesa-de-trabajo-1-2048x1151-1-1024x576.png","datePublished":"2024-11-09T11:53:02+00:00","dateModified":"2024-12-13T04:16:02+00:00","breadcrumb":{"@id":"https:\/\/wivivision.com\/kit-digital-1\/#breadcrumb"},"inLanguage":"es","potentialAction":[{"@type":"ReadAction","target":["https:\/\/wivivision.com\/kit-digital-1\/"]}]},{"@type":"ImageObject","inLanguage":"es","@id":"https:\/\/wivivision.com\/kit-digital-1\/#primaryimage","url":"https:\/\/wivivision.com\/new\/wp-content\/uploads\/2024\/11\/Image_Mesa-de-trabajo-1-2048x1151-1-1024x576.png","contentUrl":"https:\/\/wivivision.com\/new\/wp-content\/uploads\/2024\/11\/Image_Mesa-de-trabajo-1-2048x1151-1-1024x576.png"},{"@type":"BreadcrumbList","@id":"https:\/\/wivivision.com\/kit-digital-1\/#breadcrumb","itemListElement":[{"@type":"ListItem","position":1,"name":"Portada","item":"https:\/\/wivivision.com\/"},{"@type":"ListItem","position":2,"name":"Kit Digital"}]},{"@type":"WebSite","@id":"https:\/\/wivivision.com\/#website","url":"https:\/\/wivivision.com\/","name":"WIVI Vision","description":"SOLUCIONES T\u00c9CNICAS DE SANIDAD ELECTR\u00d3NICA","publisher":{"@id":"https:\/\/wivivision.com\/#organization"},"potentialAction":[{"@type":"SearchAction","target":{"@type":"EntryPoint","urlTemplate":"https:\/\/wivivision.com\/?s={search_term_string}"},"query-input":{"@type":"PropertyValueSpecification","valueRequired":true,"valueName":"search_term_string"}}],"inLanguage":"es"},{"@type":"Organization","@id":"https:\/\/wivivision.com\/#organization","name":"WIVI Vision","url":"https:\/\/wivivision.com\/","logo":{"@type":"ImageObject","inLanguage":"es","@id":"https:\/\/wivivision.com\/#\/schema\/logo\/image\/","url":"https:\/\/wivivision.com\/wp-content\/uploads\/2024\/11\/Marca-WIVI\u252c-Hi-res.png","contentUrl":"https:\/\/wivivision.com\/wp-content\/uploads\/2024\/11\/Marca-WIVI\u252c-Hi-res.png","width":1000,"height":439,"caption":"WIVI Vision"},"image":{"@id":"https:\/\/wivivision.com\/#\/schema\/logo\/image\/"}}]}},"_links":{"self":[{"href":"https:\/\/wivivision.com\/es\/wp-json\/wp\/v2\/pages\/4754","targetHints":{"allow":["GET"]}}],"collection":[{"href":"https:\/\/wivivision.com\/es\/wp-json\/wp\/v2\/pages"}],"about":[{"href":"https:\/\/wivivision.com\/es\/wp-json\/wp\/v2\/types\/page"}],"author":[{"embeddable":true,"href":"https:\/\/wivivision.com\/es\/wp-json\/wp\/v2\/users\/1"}],"replies":[{"embeddable":true,"href":"https:\/\/wivivision.com\/es\/wp-json\/wp\/v2\/comments?post=4754"}],"version-history":[{"count":2,"href":"https:\/\/wivivision.com\/es\/wp-json\/wp\/v2\/pages\/4754\/revisions"}],"predecessor-version":[{"id":4758,"href":"https:\/\/wivivision.com\/es\/wp-json\/wp\/v2\/pages\/4754\/revisions\/4758"}],"wp:attachment":[{"href":"https:\/\/wivivision.com\/es\/wp-json\/wp\/v2\/media?parent=4754"}],"curies":[{"name":"wp","href":"https:\/\/api.w.org\/{rel}","templated":true}]}}